{"id":546,"date":"2023-12-11T16:23:58","date_gmt":"2023-12-11T15:23:58","guid":{"rendered":"https:\/\/unterstein.it\/?page_id=546"},"modified":"2024-09-04T09:10:55","modified_gmt":"2024-09-04T07:10:55","slug":"impressum","status":"publish","type":"page","link":"https:\/\/unterstein.it\/?page_id=546","title":{"rendered":"Impressum"},"content":{"rendered":"\n<p><strong>Verantwortlich f\u00fcr den Inhalt:<\/strong><br><strong>Bergbauernhof Unterstein<\/strong><\/p>\n\n\n\n<p><strong>Gesetzlicher Verteter: <\/strong><br>Monika Gro\u00dfgasteiger<br>Steinachweg 4<br>I-39039 Niederdorf<br>IVA: 03055460210<br>CIN: IT021113B5TZ7ILNXT<\/p>\n\n\n\n<p>Tel. +39 0474 745169<br><a href=\"mailto:info@unterstein.it\">info@unterstein.it<\/a><\/p>\n\n\n\n<p>Das Copyright \u00a9 der Programmierung, des grafischen Layouts, der Internetkonzeption, etc. liegt bei der Firma Reiner Media. Jegliche Verwendung, auch auszugsweise, bedarf einer schriftlichen Genehmigung.&nbsp;Es wird ausdr\u00fccklich darauf hingewiesen, dass wir f\u00fcr Seiten, die von dieser Webseite aus verlinkt sind, keinerlei Einfluss auf die dort publizierten Inhalte oder die Gestaltung haben. Wir \u00fcbernehmen somit keinerlei Haftung oder Garantieren f\u00fcr die Inhalte der verlinkten Seiten. Wir distanzieren uns ausdr\u00fccklich von der zum Ausdruck gebrachten Meinung auf diesen Seiten, da diese nicht in jedem Fall unserer Meinung entsprechen kann.<\/p>\n\n\n\n<p><strong>Datenschutz (PRIVACY)<\/strong><br>Die von Ihnen gelieferten Daten werden ausschlie\u00dflich f\u00fcr die Bearbeitung Ihrer Anfrage verwendet und werden nicht an Dritte weitergegeben (laut Gesetz Nr. 665\/669 \u201ePrivacy\u201c: Im Sinne der Art. 10 und 13 des Gesetzes Nr. 675 vom 31.12.1996 und nachfolgender \u00c4nderungen, welche die Behandlung von pers\u00f6nlichen Daten betreffen) Wir distanzieren uns von jeglicher Spam-Werbung und sind stets bem\u00fcht, ungewollte und unn\u00f6tige Mails zu vermeiden.<\/p>\n\n\n\n<p>Aufkl\u00e4rungsschreiben an Kunden und Lieferanten im Sinne des Gesetzesvertretenden Dekretes vom 30.06.2003 \u201eDatenschutzkodex\u201c<br>In Sinne des Art. 13 des Gesetzesvertretenden Dekrets Nr. 196 vom 30. Juni 2003 INFORMIEREN wir dar\u00fcber, dass unsere Firma \u201eBergbauernhof Unterstein\u201c die pers\u00f6nlichen Daten von Kunden und Lieferanten, sowie anderer Personen verarbeitet, die uns ihre Personaldaten willentlich (telefonisch, per Fax oder per E-Mail) oder deren Personaldaten uns durch Dritte mitgeteilt werden oder aus \u00f6ffentlichen Verzeichnissen \u00fcbernommen wurden. Es handelt sich ausschlie\u00dflich um pers\u00f6nliche Daten gemeiner\/gew\u00f6hnlicher Art und Natur handelt, also keine \u201esensiblen\u201c Daten. Unsere Firma garantiert im Rahmen der gesetzlichen Vorgaben, dass die Verarbeitung der pers\u00f6nlichen Daten unter Ber\u00fccksichtigung der grundlegenden Rechte und Freiheiten sowie der W\u00fcrde des Betroffenen mit besonderem Bezug auf die Geheimhaltung, die pers\u00f6nliche Identit\u00e4t und das Recht auf Schutz der pers\u00f6nlichen Daten erfolgt.<\/p>\n\n\n\n<p><strong>Ziel- und Zweckstellungen der Datenverarbeitung<br><\/strong>Die Datenverarbeitung wird ausschlie\u00dflich f\u00fcr folgende Zwecke vorgenommen:<\/p>\n\n\n\n<ul class=\"wp-block-list\">\n<li>Erf\u00fcllung von gesetzlichen Pflichten, Pflichten aus Verordnungen, Gemeinschaftsnormen sowie zivil- und steuer-rechtlichen Gesetzen<\/li>\n\n\n\n<li>Erf\u00fcllung eventueller vertraglicher Verpflichtungen gegen\u00fcber dem Betroffenen<\/li>\n\n\n\n<li>Erf\u00fcllung von T\u00e4tigkeiten in Verbindung mit der Gesch\u00e4ftst\u00e4tigkeit unserer Gesellschaft wie das Ausf\u00fcllen von internen Statistiken, zur Rechnungslegung sowie zur F\u00fchrung der Kunden-\/Lieferantenbuchhaltung<\/li>\n\n\n\n<li>Zielstellungen gesch\u00e4ftlicher Art wie die Zusendung von Gesch\u00e4ftsinformationen und Werbematerial (per Post, Fax und E-Mail), Marketing und Marktuntersuchungen<\/li>\n\n\n\n<li>Schutz der Forderungen und Verwaltung der Verbindlichkeiten<\/li>\n\n\n\n<li>Zielstellungen hinsichtlich Versicherungen, insbesondere Kreditversicherungen<\/li>\n<\/ul>\n\n\n\n<p><strong>\u00dcbermittlung und Verbreitung der Daten<\/strong><br>In Bezug auf die oben angegebenen Zielstellungen werden Ihre pers\u00f6nlichen Daten bei Bedarf weitergeleitet:<\/p>\n\n\n\n<ul class=\"wp-block-list\">\n<li>an die \u00f6ffentlichen Verwaltungen und Beh\u00f6rden, wenn dies gesetzlich vorgesehen ist<\/li>\n\n\n\n<li>an Kreditinstitute, mit denen unsere Firma Gesch\u00e4ftsbeziehungen zur Verwaltung von Forderungen \/ Verbindlichkeiten und zur Finanzierungsvermittlung unterh\u00e4lt<\/li>\n\n\n\n<li>an alle jenen nat\u00fcrlichen und \/ oder juristischen, \u00f6ffentlichen und \/ oder privaten Personen (Rechts-, Verwaltungs- und Steuerberatungsb\u00fcros, Gerichte, Handelskammern usw.), wenn sich die Weiterleitung als notwendig oder zur Aus\u00fcbung unserer T\u00e4tigkeit zweckdienlich erweist sowie auf die oben angegebene Art und Weise mit den entsprechenden Zielstellungen<\/li>\n<\/ul>\n\n\n\n<p>Die von unserer Firma verarbeiteten pers\u00f6nlichen Daten werden nicht widerrechtlich an Dritte weitergeleitet oder in irgendeiner sonstigen Form verbreitet.<\/p>\n\n\n\n<p><strong>Art der Bekanntgabe<\/strong><br>Die von unserer Firma verarbeiteten pers\u00f6nlichen Daten werden nicht widerrechtlich an Dritte weitergeleitet oder in irgendeiner sonstigen Form verbreitet.<\/p>\n\n\n\n<p>Informationen kann die Unm\u00f6glichkeit der ordnungsgem\u00e4\u00dfen Abwicklung der Vertragsbeziehungen und die m\u00f6gliche Nichteinhaltung der gesetzlichen Vorschriften, der Verwaltungs- und Arbeitsvorschriften bewirken.<\/p>\n\n\n\n<p><strong>Modalit\u00e4ten der Datenverarbeitung<\/strong><br>Die Datenverarbeitung kann mit oder ohne Hilfe elektronischer, auf jeden Fall automatischer Mittel erfolgen und umfasst alle im Art. 4, Absatz 1, Buchstabe a des Gesetzesvertretenden Dekretes Nr. 196 vom 30. Juni 2003 vorgesehenen und f\u00fcr die betreffende Datenverarbeitung erforderlichen Vorg\u00e4nge. In jedem Fall wird die Datenverarbeitung unter Einhaltung aller Sicherheitsma\u00dfnahmen durchgef\u00fchrt, die deren Sicherheit und Geheimhaltung gew\u00e4hrleisten.<\/p>\n\n\n\n<p><strong>Rechte des Betroffenen<\/strong><br>Das Datenschutzgesetz verleiht den Betroffenen die M\u00f6glichkeit zur Aus\u00fcbung bestimmter Rechte gem\u00e4\u00df Art. 7, 8, 9 und 10 des Legislavitdekretes Nr. 196 und zwar:<\/p>\n\n\n\n<ul class=\"wp-block-list\">\n<li>zu wissen, welche Daten der Inhaber \u00fcber ihn besitzt;<\/li>\n\n\n\n<li>in verst\u00e4ndlicher Form die Herkunft &amp; den Grund &amp; Zweck der Verwendung und Verarbeitung der Daten zu erfahren;<\/li>\n\n\n\n<li>den Namen des Inhabers und des Verantwortlichen f\u00fcr die Datenverarbeitung zu erfahren;<\/li>\n\n\n\n<li>die Namen Dritter zu erfahren, an denen die eigenen Personaldaten weitergeleitet werden;<\/li>\n\n\n\n<li>die eigenen Daten auf ihre Richtigkeit zu \u00fcberpr\u00fcfen, zu berichtigen oder zu best\u00e4tigen;<\/li>\n\n\n\n<li>zu beantragen, dass seine Daten gel\u00f6scht, gesperrt oder in anonyme Daten umgewandelt werden, falls die Verwendung oder Verarbeitung der Daten gegen die gesetzlichen Bestimmungen verst\u00f6\u00dft;<\/li>\n\n\n\n<li>aus gerechtfertigten Grund sich g\u00e4nzlich oder zum Teil der Verarbeitung seiner Daten zu widersetzen<\/li>\n\n\n\n<li>ohne gerechtfertigten Grund sich g\u00e4nzlich oder zum Teil der Verarbeitung seiner Daten zu widersetzen, wenn Daten zum Zwecke der Handelsinformation, des Versands von Werbematerial, des Direktverkaufs, zu Markt- &amp; Meinungs-forschung verwendet werden.<\/li>\n<\/ul>\n\n\n\n<p>Die gegenst\u00e4ndlichen Rechte k\u00f6nnen seitens des Betroffenen oder einer von ihm beauftragten Person, mittels Anfrage an den Verantwortlichen Monika Gro\u00dfgasteiger, gesetzlicher Vertreter der Firma &#8220;Bergbauernhof Unterstein&#8221;, mit Einschreibebrief oder E-Mail info@unterstein.it geltend gemacht werden.<\/p>\n\n\n\n<p><strong>Rechtsinhaber der Verarbeitung<\/strong><br>Der Inhaber der Datenverarbeitung ist:<br>Monika Gro\u00dfgasteiger<br>Steinachweg 4<br>I-39039 Niederdorf <\/p>\n\n\n\n<p><strong>Informativa resa a clienti e fornitori<br>ai sensi del Dlgs n. 196 del 30.06.2003<\/strong><br>Ai sensi dell\u2019art. 13, Dlgs 30 giugno 2003 nr. 196 INFORMIAMO che la nostra azienda &#8220;Bergbauernhof Unterstein&#8221; tratta dati personali di clienti e fornitori e di soggetti che ci comunicano volontariamente (telefonicamente o via fax o via e-mail) i loro dati anagrafici, o rispettivamente ci vengono comunicati tramite terzi o rilevati da pubblici elenchi. Il presente trattamento riguarda esclusivamente dati comuni e non sensibili. La nostra azienda garantisce nell\u2019ambito delle previsioni normative che il trattamento dei dati personali si svolge nel rispetto dei diritti e delle libert\u00e0 fondamentali, nonch\u00e9 della dignit\u00e0 dell\u2019interessato, con particolare riferimento alla riservatezza, all\u2019identit\u00e0 personale e al diritto alla protezione dei dati personali.<\/p>\n\n\n\n<p><strong>Ambito di comunicazione e diffusione<\/strong><br>In relazione alle finalit\u00e0 di cui sopra i Suoi dati personali verranno comunicati se necessario:<\/p>\n\n\n\n<ul class=\"wp-block-list\">\n<li>Alle Pubbliche Amministrazioni ed Autorit\u00e0, ove previsto dalla legge;<\/li>\n\n\n\n<li>Ad istituti di credito, con i quali la ns. societ\u00e0 ha rapporti per la gestione dei crediti\/debiti e l\u2019intermediazione finanziari;<\/li>\n\n\n\n<li>A tutte quelle persone fisiche e\/o giuridiche, pubbliche e\/o private ( studi di consulenza legale, aziendale, amministrativa e fiscale, uffici giudiziari, Camere di Commercio, ecc.), quando la comunicazione risulti necessaria o funzionale allo svolgimento della nostra attivit\u00e0 e nei modi e per le finalit\u00e0 sopra elencate;<\/li>\n<\/ul>\n\n\n\n<p>I dati personali trattati dalla nostra societ\u00e0 non sono soggetti a diffusione.<\/p>\n\n\n\n<p><strong>Natura del conferimento Il conferimento<\/strong><br>dei dati \u00e8 strettamente necessario per l\u2019assolvimento di obblighi contrattuali, contabili e fiscali. L\u2019eventuale non comunicazione, o comunicazione errata, di una delle informazioni obbligatorie, ha come conseguenze emegenti l\u2019impossibilit\u00e0 del titolare di garantire la congruit\u00e0 del trattamento stesso ai patti contrattuali e la possibile mancata corrispondenza dei risultati del trattamento agli obblighi imposti dalla normativa fiscale, amministrativa o del lavoro.<\/p>\n\n\n\n<p><strong>Modalit\u00e0 del trattamento<\/strong><br>Il trattamento potr\u00e0 effettuarsi con o senza l\u2019ausilio di mezzi elettronici e comunque automatizzati e comprender\u00e0 tutte le operazioni previste all\u2019art. 4 comma 1, lettera a), Dlgs 30 giugno 2003 n. 196 e necessarie al trattamento in questione. Comunque il trattamento sar\u00e0 effettuato nell\u2019osservanza di ogni misura cautelativa, che ne garantisca la sicurezza e la riservatezza.<\/p>\n\n\n\n<p><strong>Diritti dell\u2019interessato<\/strong><br>Il Codice della Privacy conferisce agli interessati l\u2019esercizio di specifici diritti di cui all\u2019art. 7, 8, 9 e 10 del D.Lgs. n. 196. In particolare pu\u00f2 ottenere dal titolare la conferma dell\u2019esistenza o meno di propri dati personali che lo riguardano e la loro comunicazione in forma intelligibile. L\u2019interessato pu\u00f2 altres\u00ec chiedere di conoscere l\u2019origine dei dati, le finalit\u00e0 e modalit\u00e0 del trattamento nonch\u00e9 la logica applicata in caso di trattamento effettuato con l\u2019ausilio di strumenti elettronici, l\u2019identificazione degli estremi identificativi del titolare, dei responsabili nominati e dei soggetti e categorie di soggetti ai quali i dati possono essere comunicati o che possono venirne a conoscenza.<br>L\u2019interessato ha il diritto di ottenere l\u2019aggiornamento, la rettificazione, l\u2019integrazione, la cancellazione, la trasformazione in via anonima o il blocco dei dati trattati in violazione di legge. L\u2019interessato ha il diritto di opporsi, in tutto o in parte, per motivi legittimi al trattamento dei dati personali che lo riguardano, ancorch\u00e8 pertinenti allo scopo della raccolta, e senza motivo al trattamento dei dati personali che lo riguarda ai fini di invio di materiale pubblicitario o di vendita diretta o per il compimento di ricerche di mercato o di comunicazione commerciale. I diritti in oggetto possono essere esercitati, anche per il tramite di un incaricato, mediante richiesta rivolta al responsabile nominato Monika Gro\u00dfgasteiger, legale rappresentante della ditta &#8220;Bergbauernhof Unterstein&#8221; con lettera raccomandata o e-mail all\u2019indirizzo info@unterstein.it.<\/p>\n\n\n\n<p><strong>Titolare del trattamento<\/strong><br>Il titolare del trattamento in oggetto \u00e8:<br>Monika Gro\u00dfgasteiger<br>Steinachweg 4<br>I-39039 Niederdorf <\/p>\n","protected":false},"excerpt":{"rendered":"<p>Verantwortlich f\u00fcr den Inhalt:Bergbauernhof Unterstein Gesetzlicher Verteter: Monika Gro\u00dfgasteigerSteinachweg 4I-39039 NiederdorfIVA: 03055460210CIN: IT021113B5TZ7ILNXT Tel. +39 0474 745169info@unterstein.it Das Copyright \u00a9 der Programmierung, des grafischen Layouts, der Internetkonzeption, etc. liegt bei der Firma Reiner Media. Jegliche Verwendung, auch auszugsweise, bedarf einer schriftlichen Genehmigung.&nbsp;Es wird ausdr\u00fccklich darauf hingewiesen, dass wir f\u00fcr Seiten, die von dieser Webseite aus&hellip;&nbsp;<a href=\"https:\/\/unterstein.it\/?page_id=546\" class=\"\" rel=\"bookmark\">Read More &raquo;<span class=\"screen-reader-text\">Impressum<\/span><\/a><\/p>\n","protected":false},"author":1,"featured_media":0,"parent":0,"menu_order":0,"comment_status":"closed","ping_status":"closed","template":"","meta":{"neve_meta_sidebar":"","neve_meta_container":"","neve_meta_enable_content_width":"","neve_meta_content_width":0,"neve_meta_title_alignment":"","neve_meta_author_avatar":"","neve_post_elements_order":"","neve_meta_disable_header":"","neve_meta_disable_footer":"","neve_meta_disable_title":"","_themeisle_gutenberg_block_has_review":false,"_ti_tpc_template_sync":false,"_ti_tpc_template_id":"","footnotes":""},"class_list":["post-546","page","type-page","status-publish","hentry"],"yoast_head":"<!-- This site is optimized with the Yoast SEO plugin v23.9 - https:\/\/yoast.com\/wordpress\/plugins\/seo\/ -->\n<title>Impressum - Biobauernhof Unterstein<\/title>\n<meta name=\"robots\" content=\"index, follow, max-snippet:-1, max-image-preview:large, max-video-preview:-1\" \/>\n<link rel=\"canonical\" href=\"https:\/\/unterstein.it\/?page_id=546\" \/>\n<meta property=\"og:locale\" content=\"en_US\" \/>\n<meta property=\"og:type\" content=\"article\" \/>\n<meta property=\"og:title\" content=\"Impressum - Biobauernhof Unterstein\" \/>\n<meta property=\"og:description\" content=\"Verantwortlich f\u00fcr den Inhalt:Bergbauernhof Unterstein Gesetzlicher Verteter: Monika Gro\u00dfgasteigerSteinachweg 4I-39039 NiederdorfIVA: 03055460210CIN: IT021113B5TZ7ILNXT Tel. +39 0474 745169info@unterstein.it Das Copyright \u00a9 der Programmierung, des grafischen Layouts, der Internetkonzeption, etc. liegt bei der Firma Reiner Media. Jegliche Verwendung, auch auszugsweise, bedarf einer schriftlichen Genehmigung.&nbsp;Es wird ausdr\u00fccklich darauf hingewiesen, dass wir f\u00fcr Seiten, die von dieser Webseite aus&hellip;&nbsp;Read More &raquo;Impressum\" \/>\n<meta property=\"og:url\" content=\"https:\/\/unterstein.it\/?page_id=546\" \/>\n<meta property=\"og:site_name\" content=\"Biobauernhof Unterstein\" \/>\n<meta property=\"article:modified_time\" content=\"2024-09-04T07:10:55+00:00\" \/>\n<meta name=\"twitter:card\" content=\"summary_large_image\" \/>\n<meta name=\"twitter:label1\" content=\"Est. reading time\" \/>\n\t<meta name=\"twitter:data1\" content=\"7 minutes\" \/>\n<script type=\"application\/ld+json\" class=\"yoast-schema-graph\">{\"@context\":\"https:\/\/schema.org\",\"@graph\":[{\"@type\":\"WebPage\",\"@id\":\"https:\/\/unterstein.it\/?page_id=546\",\"url\":\"https:\/\/unterstein.it\/?page_id=546\",\"name\":\"Impressum - Biobauernhof Unterstein\",\"isPartOf\":{\"@id\":\"https:\/\/unterstein.it\/#website\"},\"datePublished\":\"2023-12-11T15:23:58+00:00\",\"dateModified\":\"2024-09-04T07:10:55+00:00\",\"breadcrumb\":{\"@id\":\"https:\/\/unterstein.it\/?page_id=546#breadcrumb\"},\"inLanguage\":\"en-US\",\"potentialAction\":[{\"@type\":\"ReadAction\",\"target\":[\"https:\/\/unterstein.it\/?page_id=546\"]}]},{\"@type\":\"BreadcrumbList\",\"@id\":\"https:\/\/unterstein.it\/?page_id=546#breadcrumb\",\"itemListElement\":[{\"@type\":\"ListItem\",\"position\":1,\"name\":\"Home\",\"item\":\"https:\/\/unterstein.it\/\"},{\"@type\":\"ListItem\",\"position\":2,\"name\":\"Impressum\"}]},{\"@type\":\"WebSite\",\"@id\":\"https:\/\/unterstein.it\/#website\",\"url\":\"https:\/\/unterstein.it\/\",\"name\":\"Biobauernhof Unterstein\",\"description\":\"Urlaub auf dem Bauernhof in Niederdorf\",\"potentialAction\":[{\"@type\":\"SearchAction\",\"target\":{\"@type\":\"EntryPoint\",\"urlTemplate\":\"https:\/\/unterstein.it\/?s={search_term_string}\"},\"query-input\":{\"@type\":\"PropertyValueSpecification\",\"valueRequired\":true,\"valueName\":\"search_term_string\"}}],\"inLanguage\":\"en-US\"}]}<\/script>\n<!-- \/ Yoast SEO plugin. -->","yoast_head_json":{"title":"Impressum - Biobauernhof Unterstein","robots":{"index":"index","follow":"follow","max-snippet":"max-snippet:-1","max-image-preview":"max-image-preview:large","max-video-preview":"max-video-preview:-1"},"canonical":"https:\/\/unterstein.it\/?page_id=546","og_locale":"en_US","og_type":"article","og_title":"Impressum - Biobauernhof Unterstein","og_description":"Verantwortlich f\u00fcr den Inhalt:Bergbauernhof Unterstein Gesetzlicher Verteter: Monika Gro\u00dfgasteigerSteinachweg 4I-39039 NiederdorfIVA: 03055460210CIN: IT021113B5TZ7ILNXT Tel. +39 0474 745169info@unterstein.it Das Copyright \u00a9 der Programmierung, des grafischen Layouts, der Internetkonzeption, etc. liegt bei der Firma Reiner Media. Jegliche Verwendung, auch auszugsweise, bedarf einer schriftlichen Genehmigung.&nbsp;Es wird ausdr\u00fccklich darauf hingewiesen, dass wir f\u00fcr Seiten, die von dieser Webseite aus&hellip;&nbsp;Read More &raquo;Impressum","og_url":"https:\/\/unterstein.it\/?page_id=546","og_site_name":"Biobauernhof Unterstein","article_modified_time":"2024-09-04T07:10:55+00:00","twitter_card":"summary_large_image","twitter_misc":{"Est. reading time":"7 minutes"},"schema":{"@context":"https:\/\/schema.org","@graph":[{"@type":"WebPage","@id":"https:\/\/unterstein.it\/?page_id=546","url":"https:\/\/unterstein.it\/?page_id=546","name":"Impressum - Biobauernhof Unterstein","isPartOf":{"@id":"https:\/\/unterstein.it\/#website"},"datePublished":"2023-12-11T15:23:58+00:00","dateModified":"2024-09-04T07:10:55+00:00","breadcrumb":{"@id":"https:\/\/unterstein.it\/?page_id=546#breadcrumb"},"inLanguage":"en-US","potentialAction":[{"@type":"ReadAction","target":["https:\/\/unterstein.it\/?page_id=546"]}]},{"@type":"BreadcrumbList","@id":"https:\/\/unterstein.it\/?page_id=546#breadcrumb","itemListElement":[{"@type":"ListItem","position":1,"name":"Home","item":"https:\/\/unterstein.it\/"},{"@type":"ListItem","position":2,"name":"Impressum"}]},{"@type":"WebSite","@id":"https:\/\/unterstein.it\/#website","url":"https:\/\/unterstein.it\/","name":"Biobauernhof Unterstein","description":"Urlaub auf dem Bauernhof in Niederdorf","potentialAction":[{"@type":"SearchAction","target":{"@type":"EntryPoint","urlTemplate":"https:\/\/unterstein.it\/?s={search_term_string}"},"query-input":{"@type":"PropertyValueSpecification","valueRequired":true,"valueName":"search_term_string"}}],"inLanguage":"en-US"}]}},"_links":{"self":[{"href":"https:\/\/unterstein.it\/index.php?rest_route=\/wp\/v2\/pages\/546","targetHints":{"allow":["GET"]}}],"collection":[{"href":"https:\/\/unterstein.it\/index.php?rest_route=\/wp\/v2\/pages"}],"about":[{"href":"https:\/\/unterstein.it\/index.php?rest_route=\/wp\/v2\/types\/page"}],"author":[{"embeddable":true,"href":"https:\/\/unterstein.it\/index.php?rest_route=\/wp\/v2\/users\/1"}],"replies":[{"embeddable":true,"href":"https:\/\/unterstein.it\/index.php?rest_route=%2Fwp%2Fv2%2Fcomments&post=546"}],"version-history":[{"count":8,"href":"https:\/\/unterstein.it\/index.php?rest_route=\/wp\/v2\/pages\/546\/revisions"}],"predecessor-version":[{"id":977,"href":"https:\/\/unterstein.it\/index.php?rest_route=\/wp\/v2\/pages\/546\/revisions\/977"}],"wp:attachment":[{"href":"https:\/\/unterstein.it\/index.php?rest_route=%2Fwp%2Fv2%2Fmedia&parent=546"}],"curies":[{"name":"wp","href":"https:\/\/api.w.org\/{rel}","templated":true}]}}